{"id":16,"date":"2025-04-01T13:47:30","date_gmt":"2025-04-01T12:47:30","guid":{"rendered":"http:\/\/www.heiko-klenk.de\/?page_id=16"},"modified":"2025-07-14T08:51:40","modified_gmt":"2025-07-14T07:51:40","slug":"unser-team","status":"publish","type":"page","link":"http:\/\/www.heiko-klenk.de\/index.php\/unser-team\/","title":{"rendered":"Unser Team"},"content":{"rendered":"\t\t<div data-elementor-type=\"wp-page\" data-elementor-id=\"16\" class=\"elementor elementor-16\" data-elementor-post-type=\"page\">\n\t\t\t\t<div class=\"elementor-element elementor-element-df3cbf5 e-con-full e-flex elementor-invisible e-con e-parent\" data-id=\"df3cbf5\" data-element_type=\"container\" data-settings=\"{&quot;background_background&quot;:&quot;classic&quot;,&quot;animation&quot;:&quot;fadeInDown&quot;}\">\n\t\t\t\t<div class=\"elementor-element elementor-element-3e03f7b elementor-widget elementor-widget-heading\" data-id=\"3e03f7b\" data-element_type=\"widget\" data-widget_type=\"heading.default\">\n\t\t\t\t<div class=\"elementor-widget-container\">\n\t\t\t\t\t<h1 class=\"elementor-heading-title elementor-size-default\">UNSER TEAM<\/h1>\t\t\t\t<\/div>\n\t\t\t\t<\/div>\n\t\t\t\t<\/div>\n\t\t<div class=\"elementor-element elementor-element-a11b936 e-flex e-con-boxed elementor-invisible e-con e-parent\" data-id=\"a11b936\" data-element_type=\"container\" data-settings=\"{&quot;animation&quot;:&quot;fadeIn&quot;}\">\n\t\t\t\t\t<div class=\"e-con-inner\">\n\t\t<div class=\"elementor-element elementor-element-83efb62 e-grid e-con-full e-con e-child\" data-id=\"83efb62\" data-element_type=\"container\">\n\t\t\t\t<div class=\"elementor-element elementor-element-cf884cf elementor-widget elementor-widget-image\" data-id=\"cf884cf\" data-element_type=\"widget\" data-widget_type=\"image.default\">\n\t\t\t\t<div class=\"elementor-widget-container\">\n\t\t\t\t\t\t\t\t\t\t\t\t\t\t\t<img fetchpriority=\"high\" decoding=\"async\" width=\"768\" height=\"1152\" src=\"http:\/\/www.heiko-klenk.de\/wp-content\/uploads\/2025\/04\/hkjs-768x1152.jpg\" class=\"attachment-medium_large size-medium_large wp-image-33\" alt=\"Foto von Heiko Klenk - Gesch\u00e4ftsf\u00fchrer\" srcset=\"http:\/\/www.heiko-klenk.de\/wp-content\/uploads\/2025\/04\/hkjs-768x1152.jpg 768w, http:\/\/www.heiko-klenk.de\/wp-content\/uploads\/2025\/04\/hkjs-200x300.jpg 200w, http:\/\/www.heiko-klenk.de\/wp-content\/uploads\/2025\/04\/hkjs-683x1024.jpg 683w, http:\/\/www.heiko-klenk.de\/wp-content\/uploads\/2025\/04\/hkjs-1024x1536.jpg 1024w, http:\/\/www.heiko-klenk.de\/wp-content\/uploads\/2025\/04\/hkjs.jpg 1200w\" sizes=\"(max-width: 768px) 100vw, 768px\" \/>\t\t\t\t\t\t\t\t\t\t\t\t\t\t\t<\/div>\n\t\t\t\t<\/div>\n\t\t\t\t<div class=\"elementor-element elementor-element-c436d06 elementor-widget elementor-widget-text-editor\" data-id=\"c436d06\" data-element_type=\"widget\" data-widget_type=\"text-editor.default\">\n\t\t\t\t<div class=\"elementor-widget-container\">\n\t\t\t\t\t\t\t\t\t<p><strong>HEIKO KLENK &#8211; HAARE UND KOSMETIK<\/strong> steht f\u00fcr h\u00f6chste Anspr\u00fcche, neue und zeitlose Trends sowie individuelle, intensive Beratung. Kombiniert mit nat\u00fcrlichen und nachhaltigen Produkten von K\u00c9RASTASE f\u00fchrt dies zu exzellenten Ergebnissen.<\/p><p>Zahlreiche nationale und internationale Preise bescheinigen European Beauty Stylist Heiko Klenk und seinem Team immer wieder aufs Neue eine herausragende Qualit\u00e4t.<\/p><p>Um den hohen Erwartungen gerecht zu werden, werden die Coiffeure durch intensive Schulungsprogramme und internationale Trainer, die exklusiv eingekauft werden, kontinuierlich bei Ihrer Weiterentwicklung unterst\u00fctzt.<\/p>\t\t\t\t\t\t\t\t<\/div>\n\t\t\t\t<\/div>\n\t\t\t\t<\/div>\n\t\t\t\t\t<\/div>\n\t\t\t\t<\/div>\n\t\t<div class=\"elementor-element elementor-element-3pRCKXu e-flex e-con-boxed e-con e-parent\" data-id=\"3pRCKXu\" data-element_type=\"container\">\n\t\t\t\t\t<div class=\"e-con-inner\">\n\t\t<div class=\"elementor-element elementor-element-7YrPlbU e-flex e-con-boxed e-con e-child\" data-id=\"7YrPlbU\" data-element_type=\"container\" data-settings=\"{&quot;background_background&quot;:&quot;classic&quot;}\">\n\t\t\t\t\t<div class=\"e-con-inner\">\n\t\t\t\t<div class=\"elementor-element elementor-element-Mc2J8KU elementor-widget elementor-widget-heading\" data-id=\"Mc2J8KU\" data-element_type=\"widget\" data-widget_type=\"heading.default\">\n\t\t\t\t<div class=\"elementor-widget-container\">\n\t\t\t\t\t<h5 class=\"elementor-heading-title elementor-size-default\">LERNE UNSER TEAM KENNEN UND ENTDECKE,  WESHALB WIR DEIN VERTRAUEN VERDIENEN<\/h5>\t\t\t\t<\/div>\n\t\t\t\t<\/div>\n\t\t\t\t\t<\/div>\n\t\t\t\t<\/div>\n\t\t<div class=\"elementor-element elementor-element-bwkf1HF e-grid e-con-boxed elementor-invisible e-con e-child\" data-id=\"bwkf1HF\" data-element_type=\"container\" data-settings=\"{&quot;animation&quot;:&quot;fadeIn&quot;}\">\n\t\t\t\t\t<div class=\"e-con-inner\">\n\t\t<div class=\"elementor-element elementor-element-0923bff e-con-full employee-card-container e-flex e-con e-child\" data-id=\"0923bff\" data-element_type=\"container\">\n\t\t<div class=\"elementor-element elementor-element-c7bd03e e-con-full employee-card-front e-flex e-con e-child\" data-id=\"c7bd03e\" data-element_type=\"container\">\n\t\t\t\t<div class=\"elementor-element elementor-element-44be975 elementor-widget elementor-widget-image\" data-id=\"44be975\" data-element_type=\"widget\" data-widget_type=\"image.default\">\n\t\t\t\t<div class=\"elementor-widget-container\">\n\t\t\t\t\t\t\t\t\t\t\t\t\t\t\t<img decoding=\"async\" width=\"682\" height=\"1024\" src=\"http:\/\/www.heiko-klenk.de\/wp-content\/uploads\/2025\/04\/klenk_heiko1-682x1024.jpg\" class=\"attachment-large size-large wp-image-1198\" alt=\"Gesch\u00e4ftsf\u00fchrer Heiko Klenk\" srcset=\"http:\/\/www.heiko-klenk.de\/wp-content\/uploads\/2025\/04\/klenk_heiko1-682x1024.jpg 682w, http:\/\/www.heiko-klenk.de\/wp-content\/uploads\/2025\/04\/klenk_heiko1-200x300.jpg 200w, http:\/\/www.heiko-klenk.de\/wp-content\/uploads\/2025\/04\/klenk_heiko1-768x1152.jpg 768w, http:\/\/www.heiko-klenk.de\/wp-content\/uploads\/2025\/04\/klenk_heiko1-1024x1536.jpg 1024w, http:\/\/www.heiko-klenk.de\/wp-content\/uploads\/2025\/04\/klenk_heiko1.jpg 1333w\" sizes=\"(max-width: 682px) 100vw, 682px\" \/>\t\t\t\t\t\t\t\t\t\t\t\t\t\t\t<\/div>\n\t\t\t\t<\/div>\n\t\t\t\t<\/div>\n\t\t<div class=\"elementor-element elementor-element-e53b93f e-con-full employee-card-back e-flex e-con e-child\" data-id=\"e53b93f\" data-element_type=\"container\">\n\t\t\t\t<div class=\"elementor-element elementor-element-651b1be elementor-widget elementor-widget-heading\" data-id=\"651b1be\" data-element_type=\"widget\" data-widget_type=\"heading.default\">\n\t\t\t\t<div class=\"elementor-widget-container\">\n\t\t\t\t\t<h3 class=\"elementor-heading-title elementor-size-default\">Heiko Klenk<\/h3>\t\t\t\t<\/div>\n\t\t\t\t<\/div>\n\t\t\t\t<div class=\"elementor-element elementor-element-a6b4b05 elementor-widget elementor-widget-text-editor\" data-id=\"a6b4b05\" data-element_type=\"widget\" data-widget_type=\"text-editor.default\">\n\t\t\t\t<div class=\"elementor-widget-container\">\n\t\t\t\t\t\t\t\t\t<p>CEO | Creative Director | Dipl. Colorist | Colorationstechniken | Schnitttechnik | Haarexperte | European Beauty Stylist Winner | Haar- und Kopfhautexperte<\/p>\t\t\t\t\t\t\t\t<\/div>\n\t\t\t\t<\/div>\n\t\t\t\t<\/div>\n\t\t\t\t<\/div>\n\t\t<div class=\"elementor-element elementor-element-0ecc6bc e-con-full employee-card-container e-flex e-con e-child\" data-id=\"0ecc6bc\" data-element_type=\"container\">\n\t\t<div class=\"elementor-element elementor-element-294a1d4 e-con-full employee-card-front e-flex e-con e-child\" data-id=\"294a1d4\" data-element_type=\"container\">\n\t\t\t\t<div class=\"elementor-element elementor-element-7009caa elementor-widget elementor-widget-image\" data-id=\"7009caa\" data-element_type=\"widget\" data-widget_type=\"image.default\">\n\t\t\t\t<div class=\"elementor-widget-container\">\n\t\t\t\t\t\t\t\t\t\t\t\t\t\t\t<img decoding=\"async\" width=\"682\" height=\"1024\" src=\"http:\/\/www.heiko-klenk.de\/wp-content\/uploads\/2025\/04\/klenk_caro-682x1024.jpg\" class=\"attachment-large size-large wp-image-1199\" alt=\"Mitarbeiterin und Salonleitung Carolin\" srcset=\"http:\/\/www.heiko-klenk.de\/wp-content\/uploads\/2025\/04\/klenk_caro-682x1024.jpg 682w, http:\/\/www.heiko-klenk.de\/wp-content\/uploads\/2025\/04\/klenk_caro-200x300.jpg 200w, http:\/\/www.heiko-klenk.de\/wp-content\/uploads\/2025\/04\/klenk_caro-768x1152.jpg 768w, http:\/\/www.heiko-klenk.de\/wp-content\/uploads\/2025\/04\/klenk_caro-1024x1536.jpg 1024w, http:\/\/www.heiko-klenk.de\/wp-content\/uploads\/2025\/04\/klenk_caro.jpg 1333w\" sizes=\"(max-width: 682px) 100vw, 682px\" \/>\t\t\t\t\t\t\t\t\t\t\t\t\t\t\t<\/div>\n\t\t\t\t<\/div>\n\t\t\t\t<\/div>\n\t\t<div class=\"elementor-element elementor-element-75620e5 e-con-full employee-card-back e-flex e-con e-child\" data-id=\"75620e5\" data-element_type=\"container\">\n\t\t\t\t<div class=\"elementor-element elementor-element-458d8a8 elementor-widget elementor-widget-heading\" data-id=\"458d8a8\" data-element_type=\"widget\" data-widget_type=\"heading.default\">\n\t\t\t\t<div class=\"elementor-widget-container\">\n\t\t\t\t\t<h3 class=\"elementor-heading-title elementor-size-default\">Carolin<\/h3>\t\t\t\t<\/div>\n\t\t\t\t<\/div>\n\t\t\t\t<div class=\"elementor-element elementor-element-cd633bf elementor-widget elementor-widget-text-editor\" data-id=\"cd633bf\" data-element_type=\"widget\" data-widget_type=\"text-editor.default\">\n\t\t\t\t<div class=\"elementor-widget-container\">\n\t\t\t\t\t\t\t\t\t<p>Salonleitung | Creative Director | Dipl. Colorist | Spezialistin f\u00fcr Trendcut | Colorationstechniken | Haarpflegeexpertin | Haarverl\u00e4ngerung | Haar- und Kopfhautexperte<\/p>\t\t\t\t\t\t\t\t<\/div>\n\t\t\t\t<\/div>\n\t\t\t\t<\/div>\n\t\t\t\t<\/div>\n\t\t<div class=\"elementor-element elementor-element-b9bccab e-con-full employee-card-container e-flex e-con e-child\" data-id=\"b9bccab\" data-element_type=\"container\">\n\t\t<div class=\"elementor-element elementor-element-5ff8567 e-con-full employee-card-front e-flex e-con e-child\" data-id=\"5ff8567\" data-element_type=\"container\">\n\t\t\t\t<div class=\"elementor-element elementor-element-a481628 elementor-widget elementor-widget-image\" data-id=\"a481628\" data-element_type=\"widget\" data-widget_type=\"image.default\">\n\t\t\t\t<div class=\"elementor-widget-container\">\n\t\t\t\t\t\t\t\t\t\t\t\t\t\t\t<img loading=\"lazy\" decoding=\"async\" width=\"1024\" height=\"683\" src=\"http:\/\/www.heiko-klenk.de\/wp-content\/uploads\/2025\/04\/placeholder-4-1024x683.png\" class=\"attachment-large size-large wp-image-101\" alt=\"\" srcset=\"http:\/\/www.heiko-klenk.de\/wp-content\/uploads\/2025\/04\/placeholder-4-1024x683.png 1024w, http:\/\/www.heiko-klenk.de\/wp-content\/uploads\/2025\/04\/placeholder-4-300x200.png 300w, http:\/\/www.heiko-klenk.de\/wp-content\/uploads\/2025\/04\/placeholder-4-768x512.png 768w, http:\/\/www.heiko-klenk.de\/wp-content\/uploads\/2025\/04\/placeholder-4.png 1200w\" sizes=\"(max-width: 1024px) 100vw, 1024px\" \/>\t\t\t\t\t\t\t\t\t\t\t\t\t\t\t<\/div>\n\t\t\t\t<\/div>\n\t\t\t\t<\/div>\n\t\t<div class=\"elementor-element elementor-element-7335291 e-con-full employee-card-back e-flex e-con e-child\" data-id=\"7335291\" data-element_type=\"container\">\n\t\t\t\t<div class=\"elementor-element elementor-element-97533c8 elementor-widget elementor-widget-heading\" data-id=\"97533c8\" data-element_type=\"widget\" data-widget_type=\"heading.default\">\n\t\t\t\t<div class=\"elementor-widget-container\">\n\t\t\t\t\t<h3 class=\"elementor-heading-title elementor-size-default\">Gashi<\/h3>\t\t\t\t<\/div>\n\t\t\t\t<\/div>\n\t\t\t\t<div class=\"elementor-element elementor-element-4e925d5 elementor-widget elementor-widget-text-editor\" data-id=\"4e925d5\" data-element_type=\"widget\" data-widget_type=\"text-editor.default\">\n\t\t\t\t<div class=\"elementor-widget-container\">\n\t\t\t\t\t\t\t\t\t<p>Master Stylist | Spezialist f\u00fcr Trendcut | Dipl. Colorist | Colorationstechniken | Haarpflegeexpertin | Haarverl\u00e4ngerung | Haar- und Kopfhautexperte<\/p>\t\t\t\t\t\t\t\t<\/div>\n\t\t\t\t<\/div>\n\t\t\t\t<\/div>\n\t\t\t\t<\/div>\n\t\t<div class=\"elementor-element elementor-element-a07feb7 e-con-full employee-card-container e-flex e-con e-child\" data-id=\"a07feb7\" data-element_type=\"container\">\n\t\t<div class=\"elementor-element elementor-element-100e59f e-con-full employee-card-front e-flex e-con e-child\" data-id=\"100e59f\" data-element_type=\"container\">\n\t\t\t\t<div class=\"elementor-element elementor-element-6adc61b elementor-widget elementor-widget-image\" data-id=\"6adc61b\" data-element_type=\"widget\" data-widget_type=\"image.default\">\n\t\t\t\t<div class=\"elementor-widget-container\">\n\t\t\t\t\t\t\t\t\t\t\t\t\t\t\t<img loading=\"lazy\" decoding=\"async\" width=\"682\" height=\"1024\" src=\"http:\/\/www.heiko-klenk.de\/wp-content\/uploads\/2025\/04\/klenk_soheila-682x1024.jpg\" class=\"attachment-large size-large wp-image-240\" alt=\"Mitarbeiterin Soheila\" srcset=\"http:\/\/www.heiko-klenk.de\/wp-content\/uploads\/2025\/04\/klenk_soheila-682x1024.jpg 682w, http:\/\/www.heiko-klenk.de\/wp-content\/uploads\/2025\/04\/klenk_soheila-200x300.jpg 200w, http:\/\/www.heiko-klenk.de\/wp-content\/uploads\/2025\/04\/klenk_soheila-768x1152.jpg 768w, http:\/\/www.heiko-klenk.de\/wp-content\/uploads\/2025\/04\/klenk_soheila-1024x1536.jpg 1024w, http:\/\/www.heiko-klenk.de\/wp-content\/uploads\/2025\/04\/klenk_soheila.jpg 1333w\" sizes=\"(max-width: 682px) 100vw, 682px\" \/>\t\t\t\t\t\t\t\t\t\t\t\t\t\t\t<\/div>\n\t\t\t\t<\/div>\n\t\t\t\t<\/div>\n\t\t<div class=\"elementor-element elementor-element-69c89a2 e-con-full employee-card-back e-flex e-con e-child\" data-id=\"69c89a2\" data-element_type=\"container\">\n\t\t\t\t<div class=\"elementor-element elementor-element-c428bd8 elementor-widget elementor-widget-heading\" data-id=\"c428bd8\" data-element_type=\"widget\" data-widget_type=\"heading.default\">\n\t\t\t\t<div class=\"elementor-widget-container\">\n\t\t\t\t\t<h3 class=\"elementor-heading-title elementor-size-default\">Soheila<\/h3>\t\t\t\t<\/div>\n\t\t\t\t<\/div>\n\t\t\t\t<div class=\"elementor-element elementor-element-a397241 elementor-widget elementor-widget-text-editor\" data-id=\"a397241\" data-element_type=\"widget\" data-widget_type=\"text-editor.default\">\n\t\t\t\t<div class=\"elementor-widget-container\">\n\t\t\t\t\t\t\t\t\t<p>Junge Talente<br \/>| Spezialistin f\u00fcr Trendcut | Color Expert | Colorationstechniken | Haarpflegeexpertin | Haarverl\u00e4ngerung | Haar- und Kopfhautexperte<\/p>\t\t\t\t\t\t\t\t<\/div>\n\t\t\t\t<\/div>\n\t\t\t\t<\/div>\n\t\t\t\t<\/div>\n\t\t<div class=\"elementor-element elementor-element-a6baa8c e-con-full employee-card-container e-flex e-con e-child\" data-id=\"a6baa8c\" data-element_type=\"container\">\n\t\t<div class=\"elementor-element elementor-element-551eede e-con-full employee-card-front e-flex e-con e-child\" data-id=\"551eede\" data-element_type=\"container\">\n\t\t\t\t<div class=\"elementor-element elementor-element-1322a3c elementor-widget elementor-widget-image\" data-id=\"1322a3c\" data-element_type=\"widget\" data-widget_type=\"image.default\">\n\t\t\t\t<div class=\"elementor-widget-container\">\n\t\t\t\t\t\t\t\t\t\t\t\t\t\t\t<img loading=\"lazy\" decoding=\"async\" width=\"682\" height=\"1024\" src=\"http:\/\/www.heiko-klenk.de\/wp-content\/uploads\/2025\/04\/klenk_johanna-682x1024.jpg\" class=\"attachment-large size-large wp-image-251\" alt=\"Mitarbeiterin Johanna\" srcset=\"http:\/\/www.heiko-klenk.de\/wp-content\/uploads\/2025\/04\/klenk_johanna-682x1024.jpg 682w, http:\/\/www.heiko-klenk.de\/wp-content\/uploads\/2025\/04\/klenk_johanna-200x300.jpg 200w, http:\/\/www.heiko-klenk.de\/wp-content\/uploads\/2025\/04\/klenk_johanna-768x1152.jpg 768w, http:\/\/www.heiko-klenk.de\/wp-content\/uploads\/2025\/04\/klenk_johanna-1024x1536.jpg 1024w, http:\/\/www.heiko-klenk.de\/wp-content\/uploads\/2025\/04\/klenk_johanna.jpg 1333w\" sizes=\"(max-width: 682px) 100vw, 682px\" \/>\t\t\t\t\t\t\t\t\t\t\t\t\t\t\t<\/div>\n\t\t\t\t<\/div>\n\t\t\t\t<\/div>\n\t\t<div class=\"elementor-element elementor-element-e2daa34 e-con-full employee-card-back e-flex e-con e-child\" data-id=\"e2daa34\" data-element_type=\"container\">\n\t\t\t\t<div class=\"elementor-element elementor-element-c5ebae6 elementor-widget elementor-widget-heading\" data-id=\"c5ebae6\" data-element_type=\"widget\" data-widget_type=\"heading.default\">\n\t\t\t\t<div class=\"elementor-widget-container\">\n\t\t\t\t\t<h3 class=\"elementor-heading-title elementor-size-default\">Johanna<\/h3>\t\t\t\t<\/div>\n\t\t\t\t<\/div>\n\t\t\t\t<div class=\"elementor-element elementor-element-ac87911 elementor-widget elementor-widget-text-editor\" data-id=\"ac87911\" data-element_type=\"widget\" data-widget_type=\"text-editor.default\">\n\t\t\t\t<div class=\"elementor-widget-container\">\n\t\t\t\t\t\t\t\t\t<p>Junge Talente | Damenhaarschnitt | Herrenhaarschnitt | Color Expert | Colorationstechniken | Haar- und Kopfhautexperte<\/p>\t\t\t\t\t\t\t\t<\/div>\n\t\t\t\t<\/div>\n\t\t\t\t<\/div>\n\t\t\t\t<\/div>\n\t\t<div class=\"elementor-element elementor-element-6495d48 e-con-full employee-card-container e-flex e-con e-child\" data-id=\"6495d48\" data-element_type=\"container\">\n\t\t<div class=\"elementor-element elementor-element-861b548 e-con-full employee-card-front e-flex e-con e-child\" data-id=\"861b548\" data-element_type=\"container\">\n\t\t\t\t<div class=\"elementor-element elementor-element-8f1f68d elementor-widget elementor-widget-image\" data-id=\"8f1f68d\" data-element_type=\"widget\" data-widget_type=\"image.default\">\n\t\t\t\t<div class=\"elementor-widget-container\">\n\t\t\t\t\t\t\t\t\t\t\t\t\t\t\t<img loading=\"lazy\" decoding=\"async\" width=\"682\" height=\"1024\" src=\"http:\/\/www.heiko-klenk.de\/wp-content\/uploads\/2025\/04\/klenk_dilara-682x1024.jpg\" class=\"attachment-large size-large wp-image-1200\" alt=\"Mitarbeiterin Dilara\" srcset=\"http:\/\/www.heiko-klenk.de\/wp-content\/uploads\/2025\/04\/klenk_dilara-682x1024.jpg 682w, http:\/\/www.heiko-klenk.de\/wp-content\/uploads\/2025\/04\/klenk_dilara-200x300.jpg 200w, http:\/\/www.heiko-klenk.de\/wp-content\/uploads\/2025\/04\/klenk_dilara-768x1152.jpg 768w, http:\/\/www.heiko-klenk.de\/wp-content\/uploads\/2025\/04\/klenk_dilara-1024x1536.jpg 1024w, http:\/\/www.heiko-klenk.de\/wp-content\/uploads\/2025\/04\/klenk_dilara.jpg 1333w\" sizes=\"(max-width: 682px) 100vw, 682px\" \/>\t\t\t\t\t\t\t\t\t\t\t\t\t\t\t<\/div>\n\t\t\t\t<\/div>\n\t\t\t\t<\/div>\n\t\t<div class=\"elementor-element elementor-element-ad4fd14 e-con-full employee-card-back e-flex e-con e-child\" data-id=\"ad4fd14\" data-element_type=\"container\">\n\t\t\t\t<div class=\"elementor-element elementor-element-6ffac69 elementor-widget elementor-widget-heading\" data-id=\"6ffac69\" data-element_type=\"widget\" data-widget_type=\"heading.default\">\n\t\t\t\t<div class=\"elementor-widget-container\">\n\t\t\t\t\t<h3 class=\"elementor-heading-title elementor-size-default\">Dilara<\/h3>\t\t\t\t<\/div>\n\t\t\t\t<\/div>\n\t\t\t\t<div class=\"elementor-element elementor-element-6f5ecd5 elementor-widget elementor-widget-text-editor\" data-id=\"6f5ecd5\" data-element_type=\"widget\" data-widget_type=\"text-editor.default\">\n\t\t\t\t<div class=\"elementor-widget-container\">\n\t\t\t\t\t\t\t\t\t<p>Junge Talente | Damenhaarschnitt | Herrenhaarschnitt | Color Expert | Colorationstechniken | Haar- und Kopfhautexperte<\/p>\t\t\t\t\t\t\t\t<\/div>\n\t\t\t\t<\/div>\n\t\t\t\t<\/div>\n\t\t\t\t<\/div>\n\t\t\t\t\t<\/div>\n\t\t\t\t<\/div>\n\t\t\t\t\t<\/div>\n\t\t\t\t<\/div>\n\t\t<div class=\"elementor-element elementor-element-92d1e13 e-flex e-con-boxed e-con e-parent\" data-id=\"92d1e13\" data-element_type=\"container\">\n\t\t\t\t\t<div class=\"e-con-inner\">\n\t\t\t\t<div class=\"elementor-element elementor-element-a67cc4a elementor-widget elementor-widget-html\" data-id=\"a67cc4a\" data-element_type=\"widget\" data-widget_type=\"html.default\">\n\t\t\t\t<div class=\"elementor-widget-container\">\n\t\t\t\t\t<script>\r\ndocument.addEventListener('DOMContentLoaded', function() {\r\n    const cards = document.querySelectorAll('.employee-card-container');\r\n\r\n    cards.forEach(card => {\r\n        card.addEventListener('click', function() {\r\n            this.classList.toggle('is-flipped');\r\n        });\r\n    });\r\n});\r\n<\/script>\t\t\t\t<\/div>\n\t\t\t\t<\/div>\n\t\t\t\t\t<\/div>\n\t\t\t\t<\/div>\n\t\t<div class=\"elementor-element elementor-element-3eecde1 e-flex e-con-boxed e-con e-parent\" data-id=\"3eecde1\" data-element_type=\"container\" data-settings=\"{&quot;background_background&quot;:&quot;classic&quot;}\">\n\t\t\t\t\t<div class=\"e-con-inner\">\n\t\t<div class=\"elementor-element elementor-element-a456bf1 e-con-full e-flex e-con e-child\" data-id=\"a456bf1\" data-element_type=\"container\" data-settings=\"{&quot;background_background&quot;:&quot;classic&quot;}\">\n\t\t\t\t<div class=\"elementor-element elementor-element-fa34983 elementor-widget elementor-widget-heading\" data-id=\"fa34983\" data-element_type=\"widget\" data-widget_type=\"heading.default\">\n\t\t\t\t<div class=\"elementor-widget-container\">\n\t\t\t\t\t<h5 class=\"elementor-heading-title elementor-size-default\">DU M\u00d6CHTEST ZUM TEIL UNSERES TEAMS WERDEN?<\/h5>\t\t\t\t<\/div>\n\t\t\t\t<\/div>\n\t\t\t\t<\/div>\n\t\t<div class=\"elementor-element elementor-element-c66c71b e-flex e-con-boxed e-con e-child\" data-id=\"c66c71b\" data-element_type=\"container\" data-settings=\"{&quot;background_background&quot;:&quot;classic&quot;}\">\n\t\t\t\t\t<div class=\"e-con-inner\">\n\t\t\t\t<div class=\"elementor-element elementor-element-6fd67e3 elementor-align-center elementor-widget elementor-widget-button\" data-id=\"6fd67e3\" data-element_type=\"widget\" data-widget_type=\"button.default\">\n\t\t\t\t<div class=\"elementor-widget-container\">\n\t\t\t\t\t\t\t\t\t<div class=\"elementor-button-wrapper\">\n\t\t\t\t\t<a class=\"elementor-button elementor-button-link elementor-size-sm\" href=\"http:\/\/heikoklenk.de\/index.php\/jobs\/#\">\n\t\t\t\t\t\t<span class=\"elementor-button-content-wrapper\">\n\t\t\t\t\t\t\t\t\t<span class=\"elementor-button-text\">Bewirb dich hier bei uns<\/span>\n\t\t\t\t\t<\/span>\n\t\t\t\t\t<\/a>\n\t\t\t\t<\/div>\n\t\t\t\t\t\t\t\t<\/div>\n\t\t\t\t<\/div>\n\t\t\t\t\t<\/div>\n\t\t\t\t<\/div>\n\t\t\t\t\t<\/div>\n\t\t\t\t<\/div>\n\t\t\t\t<\/div>\n\t\t","protected":false},"excerpt":{"rendered":"<p>UNSER TEAM HEIKO KLENK &#8211; HAARE UND KOSMETIK steht f\u00fcr h\u00f6chste Anspr\u00fcche, neue und zeitlose Trends sowie individuelle, intensive Beratung. Kombiniert mit nat\u00fcrlichen und nachhaltigen Produkten von K\u00c9RASTASE f\u00fchrt dies zu exzellenten Ergebnissen. Zahlreiche nationale und internationale Preise bescheinigen European Beauty Stylist Heiko Klenk und seinem Team immer wieder aufs Neue eine herausragende Qualit\u00e4t. Um [&hellip;]<\/p>\n","protected":false},"author":1,"featured_media":0,"parent":0,"menu_order":0,"comment_status":"closed","ping_status":"closed","template":"","meta":{"site-sidebar-layout":"no-sidebar","site-content-layout":"","ast-site-content-layout":"full-width-container","site-content-style":"default","site-sidebar-style":"default","ast-global-header-display":"","ast-banner-title-visibility":"","ast-main-header-display":"","ast-hfb-above-header-display":"","ast-hfb-below-header-display":"","ast-hfb-mobile-header-display":"","site-post-title":"disabled","ast-breadcrumbs-content":"","ast-featured-img":"disabled","footer-sml-layout":"","theme-transparent-header-meta":"","adv-header-id-meta":"","stick-header-meta":"","header-above-stick-meta":"","header-main-stick-meta":"","header-below-stick-meta":"","astra-migrate-meta-layouts":"default","ast-page-background-enabled":"default","ast-page-background-meta":{"desktop":{"background-color":"var(--ast-global-color-5)","background-image":"","background-repeat":"repeat","background-position":"center center","background-size":"auto","background-attachment":"scroll","background-type":"","background-media":"","overlay-type":"","overlay-color":"","overlay-opacity":"","overlay-gradient":""},"tablet":{"background-color":"","background-image":"","background-repeat":"repeat","background-position":"center center","background-size":"auto","background-attachment":"scroll","background-type":"","background-media":"","overlay-type":"","overlay-color":"","overlay-opacity":"","overlay-gradient":""},"mobile":{"background-color":"","background-image":"","background-repeat":"repeat","background-position":"center center","background-size":"auto","background-attachment":"scroll","background-type":"","background-media":"","overlay-type":"","overlay-color":"","overlay-opacity":"","overlay-gradient":""}},"ast-content-background-meta":{"desktop":{"background-color":"var(--ast-global-color-4)","background-image":"","background-repeat":"repeat","background-position":"center center","background-size":"auto","background-attachment":"scroll","background-type":"","background-media":"","overlay-type":"","overlay-color":"","overlay-opacity":"","overlay-gradient":""},"tablet":{"background-color":"var(--ast-global-color-4)","background-image":"","background-repeat":"repeat","background-position":"center center","background-size":"auto","background-attachment":"scroll","background-type":"","background-media":"","overlay-type":"","overlay-color":"","overlay-opacity":"","overlay-gradient":""},"mobile":{"background-color":"var(--ast-global-color-4)","background-image":"","background-repeat":"repeat","background-position":"center center","background-size":"auto","background-attachment":"scroll","background-type":"","background-media":"","overlay-type":"","overlay-color":"","overlay-opacity":"","overlay-gradient":""}},"footnotes":""},"class_list":["post-16","page","type-page","status-publish","hentry"],"_links":{"self":[{"href":"http:\/\/www.heiko-klenk.de\/index.php\/wp-json\/wp\/v2\/pages\/16","targetHints":{"allow":["GET"]}}],"collection":[{"href":"http:\/\/www.heiko-klenk.de\/index.php\/wp-json\/wp\/v2\/pages"}],"about":[{"href":"http:\/\/www.heiko-klenk.de\/index.php\/wp-json\/wp\/v2\/types\/page"}],"author":[{"embeddable":true,"href":"http:\/\/www.heiko-klenk.de\/index.php\/wp-json\/wp\/v2\/users\/1"}],"replies":[{"embeddable":true,"href":"http:\/\/www.heiko-klenk.de\/index.php\/wp-json\/wp\/v2\/comments?post=16"}],"version-history":[{"count":325,"href":"http:\/\/www.heiko-klenk.de\/index.php\/wp-json\/wp\/v2\/pages\/16\/revisions"}],"predecessor-version":[{"id":1427,"href":"http:\/\/www.heiko-klenk.de\/index.php\/wp-json\/wp\/v2\/pages\/16\/revisions\/1427"}],"wp:attachment":[{"href":"http:\/\/www.heiko-klenk.de\/index.php\/wp-json\/wp\/v2\/media?parent=16"}],"curies":[{"name":"wp","href":"https:\/\/api.w.org\/{rel}","templated":true}]}}