{"id":845,"date":"2025-04-21T14:53:15","date_gmt":"2025-04-21T13:53:15","guid":{"rendered":"http:\/\/www.heiko-klenk.de\/?page_id=845"},"modified":"2025-07-14T10:58:28","modified_gmt":"2025-07-14T09:58:28","slug":"jobs","status":"publish","type":"page","link":"http:\/\/www.heiko-klenk.de\/index.php\/jobs\/","title":{"rendered":"Jobs"},"content":{"rendered":"\t\t<div data-elementor-type=\"wp-page\" data-elementor-id=\"845\" class=\"elementor elementor-845\" data-elementor-post-type=\"page\">\n\t\t\t\t<div class=\"elementor-element elementor-element-ff951f1 e-con-full e-flex elementor-invisible e-con e-parent\" data-id=\"ff951f1\" data-element_type=\"container\" data-settings=\"{&quot;background_background&quot;:&quot;classic&quot;,&quot;animation&quot;:&quot;fadeInDown&quot;}\">\n\t\t\t\t<div class=\"elementor-element elementor-element-06b0851 elementor-widget elementor-widget-heading\" data-id=\"06b0851\" data-element_type=\"widget\" data-widget_type=\"heading.default\">\n\t\t\t\t<div class=\"elementor-widget-container\">\n\t\t\t\t\t<h1 class=\"elementor-heading-title elementor-size-default\">JOBS<\/h1>\t\t\t\t<\/div>\n\t\t\t\t<\/div>\n\t\t\t\t<\/div>\n\t\t<div class=\"elementor-element elementor-element-527a3fc e-flex e-con-boxed e-con e-parent\" data-id=\"527a3fc\" data-element_type=\"container\">\n\t\t\t\t\t<div class=\"e-con-inner\">\n\t\t\t\t<div class=\"elementor-element elementor-element-e0adf1f elementor-widget elementor-widget-heading\" data-id=\"e0adf1f\" data-element_type=\"widget\" data-widget_type=\"heading.default\">\n\t\t\t\t<div class=\"elementor-widget-container\">\n\t\t\t\t\t<h2 class=\"elementor-heading-title elementor-size-default\">Unsere Stellenangebote<\/h2>\t\t\t\t<\/div>\n\t\t\t\t<\/div>\n\t\t\t\t\t<\/div>\n\t\t\t\t<\/div>\n\t\t<div class=\"elementor-element elementor-element-aa052f0 e-grid e-con-boxed e-con e-parent\" data-id=\"aa052f0\" data-element_type=\"container\">\n\t\t\t\t\t<div class=\"e-con-inner\">\n\t\t\t\t<div class=\"elementor-element elementor-element-906a4c4 elementor-cta--skin-classic elementor-animated-content elementor-bg-transform elementor-bg-transform-zoom-in elementor-widget elementor-widget-call-to-action\" data-id=\"906a4c4\" data-element_type=\"widget\" data-widget_type=\"call-to-action.default\">\n\t\t\t\t<div class=\"elementor-widget-container\">\n\t\t\t\t\t\t\t<div class=\"elementor-cta\">\n\t\t\t\t\t<div class=\"elementor-cta__bg-wrapper\">\n\t\t\t\t<div class=\"elementor-cta__bg elementor-bg\" style=\"background-image: url(http:\/\/www.heiko-klenk.de\/wp-content\/plugins\/elementor\/assets\/images\/placeholder.png);\" role=\"img\" aria-label=\"\"><\/div>\n\t\t\t\t<div class=\"elementor-cta__bg-overlay\"><\/div>\n\t\t\t<\/div>\n\t\t\t\t\t\t\t<div class=\"elementor-cta__content\">\n\t\t\t\t\n\t\t\t\t\t\t\t\t\t<h3 class=\"elementor-cta__title elementor-cta__content-item elementor-content-item\">\n\t\t\t\t\t\tAusbildung Friseur\/-in\t\t\t\t\t<\/h3>\n\t\t\t\t\n\t\t\t\t\t\t\t\t\t<div class=\"elementor-cta__description elementor-cta__content-item elementor-content-item\">\n\t\t\t\t\t\tGestalte die Zukunft der Sch\u00f6nheit \u2013 mit deiner Ausbildung in unserem Salon!\t\t\t\t\t<\/div>\n\t\t\t\t\n\t\t\t\t\t\t\t\t\t<div class=\"elementor-cta__button-wrapper elementor-cta__content-item elementor-content-item \">\n\t\t\t\t\t<a class=\"elementor-cta__button elementor-button elementor-size-\" href=\"http:\/\/heikoklenk.de\/index.php\/jobs\/ausbildung\/\">\n\t\t\t\t\t\tDetails\t\t\t\t\t<\/a>\n\t\t\t\t\t<\/div>\n\t\t\t\t\t\t\t<\/div>\n\t\t\t\t\t\t<\/div>\n\t\t\t\t\t\t<\/div>\n\t\t\t\t<\/div>\n\t\t\t\t<div class=\"elementor-element elementor-element-1887714 elementor-cta--skin-classic elementor-animated-content elementor-bg-transform elementor-bg-transform-zoom-in elementor-widget elementor-widget-call-to-action\" data-id=\"1887714\" data-element_type=\"widget\" data-widget_type=\"call-to-action.default\">\n\t\t\t\t<div class=\"elementor-widget-container\">\n\t\t\t\t\t\t\t<div class=\"elementor-cta\">\n\t\t\t\t\t<div class=\"elementor-cta__bg-wrapper\">\n\t\t\t\t<div class=\"elementor-cta__bg elementor-bg\" style=\"background-image: url(http:\/\/www.heiko-klenk.de\/wp-content\/plugins\/elementor\/assets\/images\/placeholder.png);\" role=\"img\" aria-label=\"\"><\/div>\n\t\t\t\t<div class=\"elementor-cta__bg-overlay\"><\/div>\n\t\t\t<\/div>\n\t\t\t\t\t\t\t<div class=\"elementor-cta__content\">\n\t\t\t\t\n\t\t\t\t\t\t\t\t\t<h3 class=\"elementor-cta__title elementor-cta__content-item elementor-content-item\">\n\t\t\t\t\t\tFriseur\/-in (Stylist)\t\t\t\t\t<\/h3>\n\t\t\t\t\n\t\t\t\t\t\t\t\t\t<div class=\"elementor-cta__description elementor-cta__content-item elementor-content-item\">\n\t\t\t\t\t\tMit Stil, Leidenschaft und K\u00f6nnen \u2013 Ihre Karriere in unserem Salon!\t\t\t\t\t<\/div>\n\t\t\t\t\n\t\t\t\t\t\t\t\t\t<div class=\"elementor-cta__button-wrapper elementor-cta__content-item elementor-content-item \">\n\t\t\t\t\t<a class=\"elementor-cta__button elementor-button elementor-size-\" href=\"http:\/\/heikoklenk.de\/index.php\/jobs\/stylist\/\">\n\t\t\t\t\t\tDetails\t\t\t\t\t<\/a>\n\t\t\t\t\t<\/div>\n\t\t\t\t\t\t\t<\/div>\n\t\t\t\t\t\t<\/div>\n\t\t\t\t\t\t<\/div>\n\t\t\t\t<\/div>\n\t\t\t\t<div class=\"elementor-element elementor-element-bcd7fd9 elementor-cta--skin-classic elementor-animated-content elementor-bg-transform elementor-bg-transform-zoom-in elementor-widget elementor-widget-call-to-action\" data-id=\"bcd7fd9\" data-element_type=\"widget\" data-widget_type=\"call-to-action.default\">\n\t\t\t\t<div class=\"elementor-widget-container\">\n\t\t\t\t\t\t\t<div class=\"elementor-cta\">\n\t\t\t\t\t<div class=\"elementor-cta__bg-wrapper\">\n\t\t\t\t<div class=\"elementor-cta__bg elementor-bg\" style=\"background-image: url(http:\/\/www.heiko-klenk.de\/wp-content\/plugins\/elementor\/assets\/images\/placeholder.png);\" role=\"img\" aria-label=\"\"><\/div>\n\t\t\t\t<div class=\"elementor-cta__bg-overlay\"><\/div>\n\t\t\t<\/div>\n\t\t\t\t\t\t\t<div class=\"elementor-cta__content\">\n\t\t\t\t\n\t\t\t\t\t\t\t\t\t<h3 class=\"elementor-cta__title elementor-cta__content-item elementor-content-item\">\n\t\t\t\t\t\tFriseurmeister\/-in\t\t\t\t\t<\/h3>\n\t\t\t\t\n\t\t\t\t\t\t\t\t\t<div class=\"elementor-cta__description elementor-cta__content-item elementor-content-item\">\n\t\t\t\t\t\tUrban. Stilvoll. Pr\u00e4zise. \u2013 Deine Karriere bei Heiko Klenk in Neckarsulm.\t\t\t\t\t<\/div>\n\t\t\t\t\n\t\t\t\t\t\t\t\t\t<div class=\"elementor-cta__button-wrapper elementor-cta__content-item elementor-content-item \">\n\t\t\t\t\t<a class=\"elementor-cta__button elementor-button elementor-size-\" href=\"http:\/\/heikoklenk.de\/index.php\/jobs\/master-stylist\/\">\n\t\t\t\t\t\tDetails\t\t\t\t\t<\/a>\n\t\t\t\t\t<\/div>\n\t\t\t\t\t\t\t<\/div>\n\t\t\t\t\t\t<\/div>\n\t\t\t\t\t\t<\/div>\n\t\t\t\t<\/div>\n\t\t\t\t\t<\/div>\n\t\t\t\t<\/div>\n\t\t<div class=\"elementor-element elementor-element-498bb62 e-flex e-con-boxed e-con e-parent\" data-id=\"498bb62\" data-element_type=\"container\">\n\t\t\t\t\t<div class=\"e-con-inner\">\n\t\t\t\t<div class=\"elementor-element elementor-element-0341cc7 elementor-widget elementor-widget-text-editor\" data-id=\"0341cc7\" data-element_type=\"widget\" data-widget_type=\"text-editor.default\">\n\t\t\t\t<div class=\"elementor-widget-container\">\n\t\t\t\t\t\t\t\t\t<h3><strong>Exzellenz in jeder Ber\u00fchrung. Stil in jeder Nuance. Vertrauen seit \u00fcber 30 Jahren.<\/strong><\/h3><p>Seit \u00fcber drei Jahrzehnten steht Heiko Klenk \u2013 Haare &amp; Kosmetik f\u00fcr kompromisslose Qualit\u00e4t, ma\u00dfgeschneiderte Sch\u00f6nheit und ein klares \u00e4sthetisches Selbstverst\u00e4ndnis. Unser Anspruch ist es, mehr als nur Haare zu gestalten \u2013 wir schaffen erlebbare Identit\u00e4t, Ausdruck und Selbstvertrauen. Jeder Besuch ist ein Erlebnis. Jedes Detail eine Entscheidung f\u00fcr Exzellenz.<\/p><h5>\ud83d\udd39 Handwerkliche Pr\u00e4zision<\/h5><p>Unsere Friseurkunst basiert auf jahrzehntelanger Erfahrung, stetiger Weiterbildung und Leidenschaft f\u00fcr das perfekte Ergebnis. Schnitte, Farben und Stylings folgen keinem Trend, sondern deinem Typ.<\/p><h5>\ud83d\udd39 Ausgezeichnete Qualit\u00e4t<\/h5><p>Mehrere nationale und internationale Beauty Stylist Awards sowie kontinuierlich herausragende Bewertungen belegen, was unsere Kundschaft seit Jahren sp\u00fcrt: unser kompromissloser Qualit\u00e4tsanspruch in Beratung, Ausf\u00fchrung und Service.<\/p><h5>\ud83d\udd39 Exklusive Produkte &amp; Anwendungen<\/h5><p>Wir arbeiten ausschlie\u00dflich mit ausgew\u00e4hlten, hochwertigen Markenprodukten und modernsten Techniken \u2013 individuell abgestimmt auf Haarstruktur, Hautbild und pers\u00f6nliche Ausstrahlung.<\/p><h5>\ud83d\udd39 Stilvolles Ambiente<\/h5><p>Unser Salon vereint urbanes Design mit einer Atmosph\u00e4re der Ruhe und Wertsch\u00e4tzung. Ein Ort, an dem Zeit stillsteht \u2013 und der Fokus ganz auf dir liegt.<\/p><h5>\ud83d\udd39 Pers\u00f6nliche Betreuung<\/h5><p>Bei uns z\u00e4hlt nicht Masse, sondern Klasse. Wir nehmen uns Zeit, h\u00f6ren zu, sehen dich \u2013 und begleiten dich mit Fingerspitzengef\u00fchl und Blick f\u00fcr das Wesentliche.<\/p>\t\t\t\t\t\t\t\t<\/div>\n\t\t\t\t<\/div>\n\t\t\t\t\t<\/div>\n\t\t\t\t<\/div>\n\t\t\t\t<\/div>\n\t\t","protected":false},"excerpt":{"rendered":"<p>JOBS Unsere Stellenangebote Ausbildung Friseur\/-in Gestalte die Zukunft der Sch\u00f6nheit \u2013 mit deiner Ausbildung in unserem Salon! Details Friseur\/-in (Stylist) Mit Stil, Leidenschaft und K\u00f6nnen \u2013 Ihre Karriere in unserem Salon! Details Friseurmeister\/-in Urban. Stilvoll. Pr\u00e4zise. \u2013 Deine Karriere bei Heiko Klenk in Neckarsulm. Details Exzellenz in jeder Ber\u00fchrung. Stil in jeder Nuance. Vertrauen seit [&hellip;]<\/p>\n","protected":false},"author":1,"featured_media":0,"parent":0,"menu_order":0,"comment_status":"closed","ping_status":"closed","template":"","meta":{"site-sidebar-layout":"no-sidebar","site-content-layout":"","ast-site-content-layout":"full-width-container","site-content-style":"default","site-sidebar-style":"default","ast-global-header-display":"","ast-banner-title-visibility":"","ast-main-header-display":"","ast-hfb-above-header-display":"","ast-hfb-below-header-display":"","ast-hfb-mobile-header-display":"","site-post-title":"disabled","ast-breadcrumbs-content":"","ast-featured-img":"disabled","footer-sml-layout":"","theme-transparent-header-meta":"","adv-header-id-meta":"","stick-header-meta":"","header-above-stick-meta":"","header-main-stick-meta":"","header-below-stick-meta":"","astra-migrate-meta-layouts":"default","ast-page-background-enabled":"default","ast-page-background-meta":{"desktop":{"background-color":"var(--ast-global-color-5)","background-image":"","background-repeat":"repeat","background-position":"center center","background-size":"auto","background-attachment":"scroll","background-type":"","background-media":"","overlay-type":"","overlay-color":"","overlay-opacity":"","overlay-gradient":""},"tablet":{"background-color":"","background-image":"","background-repeat":"repeat","background-position":"center center","background-size":"auto","background-attachment":"scroll","background-type":"","background-media":"","overlay-type":"","overlay-color":"","overlay-opacity":"","overlay-gradient":""},"mobile":{"background-color":"","background-image":"","background-repeat":"repeat","background-position":"center center","background-size":"auto","background-attachment":"scroll","background-type":"","background-media":"","overlay-type":"","overlay-color":"","overlay-opacity":"","overlay-gradient":""}},"ast-content-background-meta":{"desktop":{"background-color":"var(--ast-global-color-4)","background-image":"","background-repeat":"repeat","background-position":"center center","background-size":"auto","background-attachment":"scroll","background-type":"","background-media":"","overlay-type":"","overlay-color":"","overlay-opacity":"","overlay-gradient":""},"tablet":{"background-color":"var(--ast-global-color-4)","background-image":"","background-repeat":"repeat","background-position":"center center","background-size":"auto","background-attachment":"scroll","background-type":"","background-media":"","overlay-type":"","overlay-color":"","overlay-opacity":"","overlay-gradient":""},"mobile":{"background-color":"var(--ast-global-color-4)","background-image":"","background-repeat":"repeat","background-position":"center center","background-size":"auto","background-attachment":"scroll","background-type":"","background-media":"","overlay-type":"","overlay-color":"","overlay-opacity":"","overlay-gradient":""}},"footnotes":""},"class_list":["post-845","page","type-page","status-publish","hentry"],"_links":{"self":[{"href":"http:\/\/www.heiko-klenk.de\/index.php\/wp-json\/wp\/v2\/pages\/845","targetHints":{"allow":["GET"]}}],"collection":[{"href":"http:\/\/www.heiko-klenk.de\/index.php\/wp-json\/wp\/v2\/pages"}],"about":[{"href":"http:\/\/www.heiko-klenk.de\/index.php\/wp-json\/wp\/v2\/types\/page"}],"author":[{"embeddable":true,"href":"http:\/\/www.heiko-klenk.de\/index.php\/wp-json\/wp\/v2\/users\/1"}],"replies":[{"embeddable":true,"href":"http:\/\/www.heiko-klenk.de\/index.php\/wp-json\/wp\/v2\/comments?post=845"}],"version-history":[{"count":49,"href":"http:\/\/www.heiko-klenk.de\/index.php\/wp-json\/wp\/v2\/pages\/845\/revisions"}],"predecessor-version":[{"id":1492,"href":"http:\/\/www.heiko-klenk.de\/index.php\/wp-json\/wp\/v2\/pages\/845\/revisions\/1492"}],"wp:attachment":[{"href":"http:\/\/www.heiko-klenk.de\/index.php\/wp-json\/wp\/v2\/media?parent=845"}],"curies":[{"name":"wp","href":"https:\/\/api.w.org\/{rel}","templated":true}]}}